{"id":137,"date":"2022-07-04T08:04:27","date_gmt":"2022-07-04T08:04:27","guid":{"rendered":"https:\/\/stagebagger.de\/stagebagger\/?page_id=137"},"modified":"2023-09-20T04:34:05","modified_gmt":"2023-09-20T04:34:05","slug":"impressum","status":"publish","type":"page","link":"https:\/\/stagebagger.de\/stagebagger\/impressum\/","title":{"rendered":"Impressum"},"content":{"rendered":"\n<h2 class=\"wp-block-heading has-text-align-center\">Impressum<\/h2>\n\n\n\n<h3 class=\"wp-block-heading has-text-align-center\">Angaben gem\u00e4\u00df \u00a7 5 TMG<\/h3>\n\n\n\n<p class=\"has-text-align-center\">Inhaber: Kai Kubisch<br>STAGEBAGGER GmbH<br>Hauptstrasse 51<br>26969 Butjadingen<br><br>Amtsgericht Oldenburg (Oldenburg)<br>HRB 216660<\/p>\n\n\n\n<p class=\"has-text-align-center\"><br><\/p>\n\n\n\n<h3 class=\"wp-block-heading has-text-align-center\">B\u00fcrozeiten:<\/h3>\n\n\n\n<p class=\"has-text-align-center\">Mo &#8211; Do von 10.00 &#8211; 17.00Uhr<br><\/p>\n\n\n\n<h3 class=\"wp-block-heading has-text-align-center\">Kontakt<\/h3>\n\n\n\n<p class=\"has-text-align-center\">Telefon: 0 47 35 \/ 9100 &#8211; 91<br>Telefax: 0 47 35 \/ 9100 &#8211; 94<br>E-Mail:&nbsp;<a href=\"mailto:info@stagebagger.de\">info@stagebagger.de<\/a><\/p>\n\n\n\n<h3 class=\"wp-block-heading has-text-align-center\">Konzeption, Design &amp; Umsetzung<\/h3>\n\n\n\n<h4 class=\"wp-block-heading has-text-align-center has-text-color\" style=\"color:#00c2cb;text-transform:uppercase\"><a href=\"https:\/\/grumpyboomer-marketing.de\" target=\"_blank\" rel=\"noreferrer noopener\">#GrumpyBoomer Marketing<\/a><\/h4>\n","protected":false},"excerpt":{"rendered":"<p>Impressum Angaben gem\u00e4\u00df \u00a7 5 TMG Inhaber: Kai KubischSTAGEBAGGER GmbHHauptstrasse 5126969 Butjadingen Amtsgericht Oldenburg (Oldenburg)HRB 216660 B\u00fcrozeiten: Mo &#8211; Do von 10.00 &#8211; 17.00Uhr Kontakt Telefon: 0 47 35 \/ 9100 &#8211; 91Telefax: 0 47 35 \/ 9100 &#8211; 94E-Mail:&nbsp;info@stagebagger.de Konzeption, Design &amp; Umsetzung #GrumpyBoomer Marketing<\/p>\n","protected":false},"author":1,"featured_media":0,"parent":0,"menu_order":0,"comment_status":"closed","ping_status":"closed","template":"","meta":{"_uag_custom_page_level_css":"","site-sidebar-layout":"default","site-content-layout":"boxed-container","ast-site-content-layout":"default","site-content-style":"default","site-sidebar-style":"default","ast-global-header-display":"","ast-banner-title-visibility":"","ast-main-header-display":"","ast-hfb-above-header-display":"","ast-hfb-below-header-display":"","ast-hfb-mobile-header-display":"","site-post-title":"disabled","ast-breadcrumbs-content":"","ast-featured-img":"","footer-sml-layout":"","theme-transparent-header-meta":"","adv-header-id-meta":"","stick-header-meta":"","header-above-stick-meta":"","header-main-stick-meta":"","header-below-stick-meta":"","astra-migrate-meta-layouts":"default","ast-page-background-enabled":"default","ast-page-background-meta":{"desktop":{"background-color":"var(--ast-global-color-4)","background-image":"","background-repeat":"repeat","background-position":"center center","background-size":"auto","background-attachment":"scroll","background-type":"","background-media":"","overlay-type":"","overlay-color":"","overlay-opacity":"","overlay-gradient":""},"tablet":{"background-color":"","background-image":"","background-repeat":"repeat","background-position":"center center","background-size":"auto","background-attachment":"scroll","background-type":"","background-media":"","overlay-type":"","overlay-color":"","overlay-opacity":"","overlay-gradient":""},"mobile":{"background-color":"","background-image":"","background-repeat":"repeat","background-position":"center center","background-size":"auto","background-attachment":"scroll","background-type":"","background-media":"","overlay-type":"","overlay-color":"","overlay-opacity":"","overlay-gradient":""}},"ast-content-background-meta":{"desktop":{"background-color":"var(--ast-global-color-5)","background-image":"","background-repeat":"repeat","background-position":"center center","background-size":"auto","background-attachment":"scroll","background-type":"","background-media":"","overlay-type":"","overlay-color":"","overlay-opacity":"","overlay-gradient":""},"tablet":{"background-color":"var(--ast-global-color-5)","background-image":"","background-repeat":"repeat","background-position":"center center","background-size":"auto","background-attachment":"scroll","background-type":"","background-media":"","overlay-type":"","overlay-color":"","overlay-opacity":"","overlay-gradient":""},"mobile":{"background-color":"var(--ast-global-color-5)","background-image":"","background-repeat":"repeat","background-position":"center center","background-size":"auto","background-attachment":"scroll","background-type":"","background-media":"","overlay-type":"","overlay-color":"","overlay-opacity":"","overlay-gradient":""}},"footnotes":""},"class_list":["post-137","page","type-page","status-publish","hentry"],"yoast_head":"<!-- This site is optimized with the Yoast SEO plugin v25.4 - https:\/\/yoast.com\/wordpress\/plugins\/seo\/ -->\n<title>Impressum - Stagebagger | Lohnunternehmen f\u00fcr Butjadingen &amp; Wesermarsch<\/title>\n<meta name=\"robots\" content=\"index, follow, max-snippet:-1, max-image-preview:large, max-video-preview:-1\" \/>\n<link rel=\"canonical\" href=\"https:\/\/stagebagger.de\/stagebagger\/impressum\/\" \/>\n<meta property=\"og:locale\" content=\"de_DE\" \/>\n<meta property=\"og:type\" content=\"article\" \/>\n<meta property=\"og:title\" content=\"Impressum - Stagebagger | Lohnunternehmen f\u00fcr Butjadingen &amp; Wesermarsch\" \/>\n<meta property=\"og:description\" content=\"Impressum Angaben gem\u00e4\u00df \u00a7 5 TMG Inhaber: Kai KubischSTAGEBAGGER GmbHHauptstrasse 5126969 Butjadingen Amtsgericht Oldenburg (Oldenburg)HRB 216660 B\u00fcrozeiten: Mo &#8211; Do von 10.00 &#8211; 17.00Uhr Kontakt Telefon: 0 47 35 \/ 9100 &#8211; 91Telefax: 0 47 35 \/ 9100 &#8211; 94E-Mail:&nbsp;info@stagebagger.de Konzeption, Design &amp; Umsetzung #GrumpyBoomer Marketing\" \/>\n<meta property=\"og:url\" content=\"https:\/\/stagebagger.de\/stagebagger\/impressum\/\" \/>\n<meta property=\"og:site_name\" content=\"Stagebagger | Lohnunternehmen f\u00fcr Butjadingen &amp; Wesermarsch\" \/>\n<meta property=\"article:modified_time\" content=\"2023-09-20T04:34:05+00:00\" \/>\n<meta name=\"twitter:card\" content=\"summary_large_image\" \/>\n<meta name=\"twitter:label1\" content=\"Gesch\u00e4tzte Lesezeit\" \/>\n\t<meta name=\"twitter:data1\" content=\"1\u00a0Minute\" \/>\n<script type=\"application\/ld+json\" class=\"yoast-schema-graph\">{\"@context\":\"https:\/\/schema.org\",\"@graph\":[{\"@type\":\"WebPage\",\"@id\":\"https:\/\/stagebagger.de\/stagebagger\/impressum\/\",\"url\":\"https:\/\/stagebagger.de\/stagebagger\/impressum\/\",\"name\":\"Impressum - Stagebagger | Lohnunternehmen f\u00fcr Butjadingen &amp; Wesermarsch\",\"isPartOf\":{\"@id\":\"https:\/\/stagebagger.de\/stagebagger\/#website\"},\"datePublished\":\"2022-07-04T08:04:27+00:00\",\"dateModified\":\"2023-09-20T04:34:05+00:00\",\"breadcrumb\":{\"@id\":\"https:\/\/stagebagger.de\/stagebagger\/impressum\/#breadcrumb\"},\"inLanguage\":\"de\",\"potentialAction\":[{\"@type\":\"ReadAction\",\"target\":[\"https:\/\/stagebagger.de\/stagebagger\/impressum\/\"]}]},{\"@type\":\"BreadcrumbList\",\"@id\":\"https:\/\/stagebagger.de\/stagebagger\/impressum\/#breadcrumb\",\"itemListElement\":[{\"@type\":\"ListItem\",\"position\":1,\"name\":\"Startseite\",\"item\":\"https:\/\/stagebagger.de\/stagebagger\/\"},{\"@type\":\"ListItem\",\"position\":2,\"name\":\"Impressum\"}]},{\"@type\":\"WebSite\",\"@id\":\"https:\/\/stagebagger.de\/stagebagger\/#website\",\"url\":\"https:\/\/stagebagger.de\/stagebagger\/\",\"name\":\"Stagebagger | Lohnunternehmen f\u00fcr Butjadingen &amp; Wesermarsch\",\"description\":\"Baggerarbeiten, Kommunalarbeiten, Gr\u00fcnpflege &amp; Gew\u00e4sserpflege\",\"publisher\":{\"@id\":\"https:\/\/stagebagger.de\/stagebagger\/#organization\"},\"potentialAction\":[{\"@type\":\"SearchAction\",\"target\":{\"@type\":\"EntryPoint\",\"urlTemplate\":\"https:\/\/stagebagger.de\/stagebagger\/?s={search_term_string}\"},\"query-input\":{\"@type\":\"PropertyValueSpecification\",\"valueRequired\":true,\"valueName\":\"search_term_string\"}}],\"inLanguage\":\"de\"},{\"@type\":\"Organization\",\"@id\":\"https:\/\/stagebagger.de\/stagebagger\/#organization\",\"name\":\"Stagebagger | Lohnunternehmen f\u00fcr Butjadingen &amp; Wesermarsch\",\"url\":\"https:\/\/stagebagger.de\/stagebagger\/\",\"logo\":{\"@type\":\"ImageObject\",\"inLanguage\":\"de\",\"@id\":\"https:\/\/stagebagger.de\/stagebagger\/#\/schema\/logo\/image\/\",\"url\":\"https:\/\/stagebagger.de\/stagebagger\/wp-content\/uploads\/2022\/07\/cropped-Logo-nachbau-stagebagger-frei.png\",\"contentUrl\":\"https:\/\/stagebagger.de\/stagebagger\/wp-content\/uploads\/2022\/07\/cropped-Logo-nachbau-stagebagger-frei.png\",\"width\":1859,\"height\":592,\"caption\":\"Stagebagger | Lohnunternehmen f\u00fcr Butjadingen &amp; Wesermarsch\"},\"image\":{\"@id\":\"https:\/\/stagebagger.de\/stagebagger\/#\/schema\/logo\/image\/\"}}]}<\/script>\n<!-- \/ Yoast SEO plugin. -->","yoast_head_json":{"title":"Impressum - Stagebagger | Lohnunternehmen f\u00fcr Butjadingen &amp; Wesermarsch","robots":{"index":"index","follow":"follow","max-snippet":"max-snippet:-1","max-image-preview":"max-image-preview:large","max-video-preview":"max-video-preview:-1"},"canonical":"https:\/\/stagebagger.de\/stagebagger\/impressum\/","og_locale":"de_DE","og_type":"article","og_title":"Impressum - Stagebagger | Lohnunternehmen f\u00fcr Butjadingen &amp; Wesermarsch","og_description":"Impressum Angaben gem\u00e4\u00df \u00a7 5 TMG Inhaber: Kai KubischSTAGEBAGGER GmbHHauptstrasse 5126969 Butjadingen Amtsgericht Oldenburg (Oldenburg)HRB 216660 B\u00fcrozeiten: Mo &#8211; Do von 10.00 &#8211; 17.00Uhr Kontakt Telefon: 0 47 35 \/ 9100 &#8211; 91Telefax: 0 47 35 \/ 9100 &#8211; 94E-Mail:&nbsp;info@stagebagger.de Konzeption, Design &amp; Umsetzung #GrumpyBoomer Marketing","og_url":"https:\/\/stagebagger.de\/stagebagger\/impressum\/","og_site_name":"Stagebagger | Lohnunternehmen f\u00fcr Butjadingen &amp; Wesermarsch","article_modified_time":"2023-09-20T04:34:05+00:00","twitter_card":"summary_large_image","twitter_misc":{"Gesch\u00e4tzte Lesezeit":"1\u00a0Minute"},"schema":{"@context":"https:\/\/schema.org","@graph":[{"@type":"WebPage","@id":"https:\/\/stagebagger.de\/stagebagger\/impressum\/","url":"https:\/\/stagebagger.de\/stagebagger\/impressum\/","name":"Impressum - Stagebagger | Lohnunternehmen f\u00fcr Butjadingen &amp; Wesermarsch","isPartOf":{"@id":"https:\/\/stagebagger.de\/stagebagger\/#website"},"datePublished":"2022-07-04T08:04:27+00:00","dateModified":"2023-09-20T04:34:05+00:00","breadcrumb":{"@id":"https:\/\/stagebagger.de\/stagebagger\/impressum\/#breadcrumb"},"inLanguage":"de","potentialAction":[{"@type":"ReadAction","target":["https:\/\/stagebagger.de\/stagebagger\/impressum\/"]}]},{"@type":"BreadcrumbList","@id":"https:\/\/stagebagger.de\/stagebagger\/impressum\/#breadcrumb","itemListElement":[{"@type":"ListItem","position":1,"name":"Startseite","item":"https:\/\/stagebagger.de\/stagebagger\/"},{"@type":"ListItem","position":2,"name":"Impressum"}]},{"@type":"WebSite","@id":"https:\/\/stagebagger.de\/stagebagger\/#website","url":"https:\/\/stagebagger.de\/stagebagger\/","name":"Stagebagger | Lohnunternehmen f\u00fcr Butjadingen &amp; Wesermarsch","description":"Baggerarbeiten, Kommunalarbeiten, Gr\u00fcnpflege &amp; Gew\u00e4sserpflege","publisher":{"@id":"https:\/\/stagebagger.de\/stagebagger\/#organization"},"potentialAction":[{"@type":"SearchAction","target":{"@type":"EntryPoint","urlTemplate":"https:\/\/stagebagger.de\/stagebagger\/?s={search_term_string}"},"query-input":{"@type":"PropertyValueSpecification","valueRequired":true,"valueName":"search_term_string"}}],"inLanguage":"de"},{"@type":"Organization","@id":"https:\/\/stagebagger.de\/stagebagger\/#organization","name":"Stagebagger | Lohnunternehmen f\u00fcr Butjadingen &amp; Wesermarsch","url":"https:\/\/stagebagger.de\/stagebagger\/","logo":{"@type":"ImageObject","inLanguage":"de","@id":"https:\/\/stagebagger.de\/stagebagger\/#\/schema\/logo\/image\/","url":"https:\/\/stagebagger.de\/stagebagger\/wp-content\/uploads\/2022\/07\/cropped-Logo-nachbau-stagebagger-frei.png","contentUrl":"https:\/\/stagebagger.de\/stagebagger\/wp-content\/uploads\/2022\/07\/cropped-Logo-nachbau-stagebagger-frei.png","width":1859,"height":592,"caption":"Stagebagger | Lohnunternehmen f\u00fcr Butjadingen &amp; Wesermarsch"},"image":{"@id":"https:\/\/stagebagger.de\/stagebagger\/#\/schema\/logo\/image\/"}}]}},"spectra_custom_meta":{"_edit_lock":["1695184462:1"],"site-content-layout":["boxed-container"],"site-post-title":["disabled"],"theme-transparent-header-meta":[""],"adv-header-id-meta":[""],"stick-header-meta":[""],"astra_style_timestamp_css":["1751995045"],"_edit_last":["1"],"_yoast_wpseo_content_score":["90"],"_yoast_wpseo_estimated-reading-time-minutes":["1"],"_yoast_wpseo_wordproof_timestamp":[""],"_uag_page_assets":["a:9:{s:3:\"css\";s:263:\".uag-blocks-common-selector{z-index:var(--z-index-desktop) !important}@media (max-width: 976px){.uag-blocks-common-selector{z-index:var(--z-index-tablet) !important}}@media (max-width: 767px){.uag-blocks-common-selector{z-index:var(--z-index-mobile) !important}}\n\";s:2:\"js\";s:0:\"\";s:18:\"current_block_list\";a:8:{i:0;s:12:\"core\/heading\";i:1;s:14:\"core\/paragraph\";i:2;s:11:\"core\/search\";i:3;s:10:\"core\/group\";i:4;s:17:\"core\/latest-posts\";i:5;s:20:\"core\/latest-comments\";i:6;s:13:\"core\/archives\";i:7;s:15:\"core\/categories\";}s:8:\"uag_flag\";b:0;s:11:\"uag_version\";s:10:\"1756367082\";s:6:\"gfonts\";a:0:{}s:10:\"gfonts_url\";s:0:\"\";s:12:\"gfonts_files\";a:0:{}s:14:\"uag_faq_layout\";b:0;}"],"_uag_migration_processed":["1"],"_uag_css_file_name":["uag-css-137.css"]},"uagb_featured_image_src":{"full":false,"thumbnail":false,"medium":false,"medium_large":false,"large":false,"1536x1536":false,"2048x2048":false},"uagb_author_info":{"display_name":"admin","author_link":"https:\/\/stagebagger.de\/stagebagger\/author\/admin\/"},"uagb_comment_info":0,"uagb_excerpt":"Impressum Angaben gem\u00e4\u00df \u00a7 5 TMG Inhaber: Kai KubischSTAGEBAGGER GmbHHauptstrasse 5126969 Butjadingen Amtsgericht Oldenburg (Oldenburg)HRB 216660 B\u00fcrozeiten: Mo &#8211; Do von 10.00 &#8211; 17.00Uhr Kontakt Telefon: 0 47 35 \/ 9100 &#8211; 91Telefax: 0 47 35 \/ 9100 &#8211; 94E-Mail:&nbsp;info@stagebagger.de Konzeption, Design &amp; Umsetzung #GrumpyBoomer Marketing","_links":{"self":[{"href":"https:\/\/stagebagger.de\/stagebagger\/wp-json\/wp\/v2\/pages\/137","targetHints":{"allow":["GET"]}}],"collection":[{"href":"https:\/\/stagebagger.de\/stagebagger\/wp-json\/wp\/v2\/pages"}],"about":[{"href":"https:\/\/stagebagger.de\/stagebagger\/wp-json\/wp\/v2\/types\/page"}],"author":[{"embeddable":true,"href":"https:\/\/stagebagger.de\/stagebagger\/wp-json\/wp\/v2\/users\/1"}],"replies":[{"embeddable":true,"href":"https:\/\/stagebagger.de\/stagebagger\/wp-json\/wp\/v2\/comments?post=137"}],"version-history":[{"count":3,"href":"https:\/\/stagebagger.de\/stagebagger\/wp-json\/wp\/v2\/pages\/137\/revisions"}],"predecessor-version":[{"id":558,"href":"https:\/\/stagebagger.de\/stagebagger\/wp-json\/wp\/v2\/pages\/137\/revisions\/558"}],"wp:attachment":[{"href":"https:\/\/stagebagger.de\/stagebagger\/wp-json\/wp\/v2\/media?parent=137"}],"curies":[{"name":"wp","href":"https:\/\/api.w.org\/{rel}","templated":true}]}}